{"id":406,"date":"2015-12-08T19:44:52","date_gmt":"2015-12-08T18:44:52","guid":{"rendered":"https:\/\/bmtcasasdeves.wordpress.com\/?page_id=359"},"modified":"2015-12-08T19:44:52","modified_gmt":"2015-12-08T18:44:52","slug":"equipaciones-2","status":"publish","type":"page","link":"https:\/\/bmtcasasdeves.com\/index.php\/equipaciones-2\/","title":{"rendered":"Equipaciones"},"content":{"rendered":"<p>FORMULARIO PARA PEDIDOS DE EQUIPACIONES: [<a href=\"https:\/\/docs.google.com\/forms\/d\/e\/1FAIpQLSeWtMU5v423iAijrgHVWAUiiQO-oaGJr4aSATyer4yLbl_ISQ\/viewform\" target=\"_blank\" rel=\"noopener\">ENLACE<\/a>]<\/p>\n<p>Plazo: 3 de Diciembre<\/p>\n<p>Se pedir\u00e1n aquella ropa que haya sido pagada hasta esa fecha. N\u00famero de cuenta:\u00a0ES90 3190 0037 5145 8383 3621<\/p>\n<p>&nbsp;<\/p>\n<p><a href=\"https:\/\/bmtcasasdeves.com\/wp-content\/uploads\/2017\/11\/catalogo-bmt.jpg\" target=\"_blank\" rel=\"noopener\"><img loading=\"lazy\" decoding=\"async\" class=\"alignnone  wp-image-1931\" src=\"https:\/\/bmtcasasdeves.com\/wp-content\/uploads\/2017\/11\/catalogo-bmt.jpg\" alt=\"catalogo BMT.jpg\" width=\"577\" height=\"388\" \/><\/a><\/p>\n<p>&nbsp;<\/p>\n<p>Camiseta t\u00e9cnica<\/p>\n<p><a href=\"https:\/\/bmtcasasdeves.com\/wp-content\/uploads\/2015\/09\/img_5220.jpg\" rel=\"attachment wp-att-233\"><img loading=\"lazy\" decoding=\"async\" class=\"alignnone  wp-image-233\" src=\"https:\/\/bmtcasasdeves.com\/wp-content\/uploads\/2015\/09\/img_5220.jpg\" alt=\"IMG_5220\" width=\"298\" height=\"397\" srcset=\"https:\/\/bmtcasasdeves.com\/wp-content\/uploads\/2015\/09\/img_5220.jpg 480w, https:\/\/bmtcasasdeves.com\/wp-content\/uploads\/2015\/09\/img_5220-225x300.jpg 225w\" sizes=\"auto, (max-width: 298px) 100vw, 298px\" \/><\/a>\u00a0 \u00a0 \u00a0 \u00a0 \u00a0\u00a0<a href=\"https:\/\/bmtcasasdeves.com\/wp-content\/uploads\/2015\/09\/img_5219.jpg\" rel=\"attachment wp-att-230\"><img loading=\"lazy\" decoding=\"async\" class=\"alignnone  wp-image-230\" src=\"https:\/\/bmtcasasdeves.com\/wp-content\/uploads\/2015\/09\/img_5219.jpg\" alt=\"IMG_5219\" width=\"295\" height=\"393\" srcset=\"https:\/\/bmtcasasdeves.com\/wp-content\/uploads\/2015\/09\/img_5219.jpg 480w, https:\/\/bmtcasasdeves.com\/wp-content\/uploads\/2015\/09\/img_5219-225x300.jpg 225w\" sizes=\"auto, (max-width: 295px) 100vw, 295px\" \/><\/a><\/p>\n<p>&nbsp;<\/p>\n<p>Camiseta t\u00e9cnica y mallas de orientaci\u00f3n, con material antidesgarro<\/p>\n<p><a href=\"https:\/\/bmtcasasdeves.com\/wp-content\/uploads\/2015\/12\/captura-de-pantalla-2015-12-02-a-las-18-58-04.png\" rel=\"attachment wp-att-360\"><img loading=\"lazy\" decoding=\"async\" class=\"alignnone size-large wp-image-360\" src=\"https:\/\/bmtcasasdeves.com\/wp-content\/uploads\/2015\/12\/captura-de-pantalla-2015-12-02-a-las-18-58-04.png?w=510\" alt=\"Captura de pantalla 2015-12-02 a las 18.58.04\" width=\"510\" height=\"599\" \/><\/a><\/p>\n<p>Camiseta de tirantes<\/p>\n<p><img loading=\"lazy\" decoding=\"async\" class=\"alignnone size-full wp-image-1727\" src=\"https:\/\/bmtcasasdeves.com\/wp-content\/uploads\/2017\/07\/tirantes.jpg\" alt=\"tirantes.jpg\" width=\"2448\" height=\"1663\" srcset=\"https:\/\/bmtcasasdeves.com\/wp-content\/uploads\/2017\/07\/tirantes.jpg 2448w, https:\/\/bmtcasasdeves.com\/wp-content\/uploads\/2017\/07\/tirantes-300x204.jpg 300w, https:\/\/bmtcasasdeves.com\/wp-content\/uploads\/2017\/07\/tirantes-1024x696.jpg 1024w, https:\/\/bmtcasasdeves.com\/wp-content\/uploads\/2017\/07\/tirantes-768x522.jpg 768w, https:\/\/bmtcasasdeves.com\/wp-content\/uploads\/2017\/07\/tirantes-1536x1043.jpg 1536w, https:\/\/bmtcasasdeves.com\/wp-content\/uploads\/2017\/07\/tirantes-2048x1391.jpg 2048w, https:\/\/bmtcasasdeves.com\/wp-content\/uploads\/2017\/07\/tirantes-600x408.jpg 600w\" sizes=\"auto, (max-width: 2448px) 100vw, 2448px\" \/><\/p>\n<p>Chandal y abrigo<\/p>\n<p><img loading=\"lazy\" decoding=\"async\" class=\"alignnone size-full wp-image-1728\" src=\"https:\/\/bmtcasasdeves.com\/wp-content\/uploads\/2017\/07\/captura-de-pantalla-2017-07-17-20-16-50.png\" alt=\"Captura de pantalla 2017-07-17 20.16.50.png\" width=\"781\" height=\"510\" srcset=\"https:\/\/bmtcasasdeves.com\/wp-content\/uploads\/2017\/07\/captura-de-pantalla-2017-07-17-20-16-50.png 781w, https:\/\/bmtcasasdeves.com\/wp-content\/uploads\/2017\/07\/captura-de-pantalla-2017-07-17-20-16-50-300x196.png 300w, https:\/\/bmtcasasdeves.com\/wp-content\/uploads\/2017\/07\/captura-de-pantalla-2017-07-17-20-16-50-768x502.png 768w, https:\/\/bmtcasasdeves.com\/wp-content\/uploads\/2017\/07\/captura-de-pantalla-2017-07-17-20-16-50-600x392.png 600w\" sizes=\"auto, (max-width: 781px) 100vw, 781px\" \/><\/p>\n<p>Equipaci\u00f3n de bicicleta<\/p>\n<p><img loading=\"lazy\" decoding=\"async\" class=\"alignnone size-full wp-image-1730\" src=\"https:\/\/bmtcasasdeves.com\/wp-content\/uploads\/2017\/07\/6468-bmt-casas-de-ves-3.jpg\" alt=\"6468-bmt-casas-de-ves-3.jpg\" width=\"3508\" height=\"2480\" \/><\/p>\n","protected":false},"excerpt":{"rendered":"<p>FORMULARIO PARA PEDIDOS DE EQUIPACIONES: [ENLACE] Plazo: 3 de Diciembre Se pedir\u00e1n aquella ropa que haya sido pagada hasta esa fecha. N\u00famero de cuenta:\u00a0ES90 3190 0037 5145 8383 3621 &nbsp; &nbsp; Camiseta t\u00e9cnica \u00a0 \u00a0 \u00a0 \u00a0 \u00a0\u00a0 &nbsp; Camiseta t\u00e9cnica y mallas de orientaci\u00f3n, con material antidesgarro Camiseta de tirantes Chandal y abrigo Equipaci\u00f3n [&hellip;]<\/p>\n","protected":false},"author":3,"featured_media":0,"parent":0,"menu_order":0,"comment_status":"closed","ping_status":"closed","template":"","meta":{"jetpack_post_was_ever_published":false,"footnotes":""},"class_list":["post-406","page","type-page","status-publish","hentry"],"yoast_head":"<!-- This site is optimized with the Yoast SEO plugin v27.4 - https:\/\/yoast.com\/product\/yoast-seo-wordpress\/ -->\n<title>Equipaciones - BMT Casas de Ves<\/title>\n<meta name=\"robots\" content=\"index, follow, max-snippet:-1, max-image-preview:large, max-video-preview:-1\" \/>\n<link rel=\"canonical\" href=\"https:\/\/bmtcasasdeves.com\/index.php\/equipaciones-2\/\" \/>\n<meta property=\"og:locale\" content=\"es_ES\" \/>\n<meta property=\"og:type\" content=\"article\" \/>\n<meta property=\"og:title\" content=\"Equipaciones - BMT Casas de Ves\" \/>\n<meta property=\"og:description\" content=\"FORMULARIO PARA PEDIDOS DE EQUIPACIONES: [ENLACE] Plazo: 3 de Diciembre Se pedir\u00e1n aquella ropa que haya sido pagada hasta esa fecha. N\u00famero de cuenta:\u00a0ES90 3190 0037 5145 8383 3621 &nbsp; &nbsp; Camiseta t\u00e9cnica \u00a0 \u00a0 \u00a0 \u00a0 \u00a0\u00a0 &nbsp; Camiseta t\u00e9cnica y mallas de orientaci\u00f3n, con material antidesgarro Camiseta de tirantes Chandal y abrigo Equipaci\u00f3n [&hellip;]\" \/>\n<meta property=\"og:url\" content=\"https:\/\/bmtcasasdeves.com\/index.php\/equipaciones-2\/\" \/>\n<meta property=\"og:site_name\" content=\"BMT Casas de Ves\" \/>\n<meta property=\"og:image\" content=\"https:\/\/bmtcasasdeves.com\/wp-content\/uploads\/2017\/11\/catalogo-bmt.jpg\" \/>\n<meta name=\"twitter:card\" content=\"summary_large_image\" \/>\n<script type=\"application\/ld+json\" class=\"yoast-schema-graph\">{\"@context\":\"https:\\\/\\\/schema.org\",\"@graph\":[{\"@type\":\"WebPage\",\"@id\":\"https:\\\/\\\/bmtcasasdeves.com\\\/index.php\\\/equipaciones-2\\\/\",\"url\":\"https:\\\/\\\/bmtcasasdeves.com\\\/index.php\\\/equipaciones-2\\\/\",\"name\":\"Equipaciones - BMT Casas de Ves\",\"isPartOf\":{\"@id\":\"https:\\\/\\\/bmtcasasdeves.com\\\/#website\"},\"primaryImageOfPage\":{\"@id\":\"https:\\\/\\\/bmtcasasdeves.com\\\/index.php\\\/equipaciones-2\\\/#primaryimage\"},\"image\":{\"@id\":\"https:\\\/\\\/bmtcasasdeves.com\\\/index.php\\\/equipaciones-2\\\/#primaryimage\"},\"thumbnailUrl\":\"https:\\\/\\\/bmtcasasdeves.com\\\/wp-content\\\/uploads\\\/2017\\\/11\\\/catalogo-bmt.jpg\",\"datePublished\":\"2015-12-08T18:44:52+00:00\",\"breadcrumb\":{\"@id\":\"https:\\\/\\\/bmtcasasdeves.com\\\/index.php\\\/equipaciones-2\\\/#breadcrumb\"},\"inLanguage\":\"es\",\"potentialAction\":[{\"@type\":\"ReadAction\",\"target\":[\"https:\\\/\\\/bmtcasasdeves.com\\\/index.php\\\/equipaciones-2\\\/\"]}]},{\"@type\":\"ImageObject\",\"inLanguage\":\"es\",\"@id\":\"https:\\\/\\\/bmtcasasdeves.com\\\/index.php\\\/equipaciones-2\\\/#primaryimage\",\"url\":\"https:\\\/\\\/bmtcasasdeves.com\\\/wp-content\\\/uploads\\\/2017\\\/11\\\/catalogo-bmt.jpg\",\"contentUrl\":\"https:\\\/\\\/bmtcasasdeves.com\\\/wp-content\\\/uploads\\\/2017\\\/11\\\/catalogo-bmt.jpg\"},{\"@type\":\"BreadcrumbList\",\"@id\":\"https:\\\/\\\/bmtcasasdeves.com\\\/index.php\\\/equipaciones-2\\\/#breadcrumb\",\"itemListElement\":[{\"@type\":\"ListItem\",\"position\":1,\"name\":\"Portada\",\"item\":\"https:\\\/\\\/bmtcasasdeves.com\\\/\"},{\"@type\":\"ListItem\",\"position\":2,\"name\":\"Equipaciones\"}]},{\"@type\":\"WebSite\",\"@id\":\"https:\\\/\\\/bmtcasasdeves.com\\\/#website\",\"url\":\"https:\\\/\\\/bmtcasasdeves.com\\\/\",\"name\":\"BMT Casas de Ves\",\"description\":\"Club atletismo-orientaci\u00f3n-ciclismo de Casas de Ves\",\"publisher\":{\"@id\":\"https:\\\/\\\/bmtcasasdeves.com\\\/#organization\"},\"potentialAction\":[{\"@type\":\"SearchAction\",\"target\":{\"@type\":\"EntryPoint\",\"urlTemplate\":\"https:\\\/\\\/bmtcasasdeves.com\\\/?s={search_term_string}\"},\"query-input\":{\"@type\":\"PropertyValueSpecification\",\"valueRequired\":true,\"valueName\":\"search_term_string\"}}],\"inLanguage\":\"es\"},{\"@type\":\"Organization\",\"@id\":\"https:\\\/\\\/bmtcasasdeves.com\\\/#organization\",\"name\":\"BMT Casas de Ves\",\"url\":\"https:\\\/\\\/bmtcasasdeves.com\\\/\",\"logo\":{\"@type\":\"ImageObject\",\"inLanguage\":\"es\",\"@id\":\"https:\\\/\\\/bmtcasasdeves.com\\\/#\\\/schema\\\/logo\\\/image\\\/\",\"url\":\"https:\\\/\\\/bmtcasasdeves.com\\\/wp-content\\\/uploads\\\/2021\\\/02\\\/cropped-Banner-Web-01-2-scaled-1.jpg\",\"contentUrl\":\"https:\\\/\\\/bmtcasasdeves.com\\\/wp-content\\\/uploads\\\/2021\\\/02\\\/cropped-Banner-Web-01-2-scaled-1.jpg\",\"width\":2000,\"height\":1200,\"caption\":\"BMT Casas de Ves\"},\"image\":{\"@id\":\"https:\\\/\\\/bmtcasasdeves.com\\\/#\\\/schema\\\/logo\\\/image\\\/\"}}]}<\/script>\n<!-- \/ Yoast SEO plugin. -->","yoast_head_json":{"title":"Equipaciones - BMT Casas de Ves","robots":{"index":"index","follow":"follow","max-snippet":"max-snippet:-1","max-image-preview":"max-image-preview:large","max-video-preview":"max-video-preview:-1"},"canonical":"https:\/\/bmtcasasdeves.com\/index.php\/equipaciones-2\/","og_locale":"es_ES","og_type":"article","og_title":"Equipaciones - BMT Casas de Ves","og_description":"FORMULARIO PARA PEDIDOS DE EQUIPACIONES: [ENLACE] Plazo: 3 de Diciembre Se pedir\u00e1n aquella ropa que haya sido pagada hasta esa fecha. N\u00famero de cuenta:\u00a0ES90 3190 0037 5145 8383 3621 &nbsp; &nbsp; Camiseta t\u00e9cnica \u00a0 \u00a0 \u00a0 \u00a0 \u00a0\u00a0 &nbsp; Camiseta t\u00e9cnica y mallas de orientaci\u00f3n, con material antidesgarro Camiseta de tirantes Chandal y abrigo Equipaci\u00f3n [&hellip;]","og_url":"https:\/\/bmtcasasdeves.com\/index.php\/equipaciones-2\/","og_site_name":"BMT Casas de Ves","og_image":[{"url":"https:\/\/bmtcasasdeves.com\/wp-content\/uploads\/2017\/11\/catalogo-bmt.jpg","type":"","width":"","height":""}],"twitter_card":"summary_large_image","schema":{"@context":"https:\/\/schema.org","@graph":[{"@type":"WebPage","@id":"https:\/\/bmtcasasdeves.com\/index.php\/equipaciones-2\/","url":"https:\/\/bmtcasasdeves.com\/index.php\/equipaciones-2\/","name":"Equipaciones - BMT Casas de Ves","isPartOf":{"@id":"https:\/\/bmtcasasdeves.com\/#website"},"primaryImageOfPage":{"@id":"https:\/\/bmtcasasdeves.com\/index.php\/equipaciones-2\/#primaryimage"},"image":{"@id":"https:\/\/bmtcasasdeves.com\/index.php\/equipaciones-2\/#primaryimage"},"thumbnailUrl":"https:\/\/bmtcasasdeves.com\/wp-content\/uploads\/2017\/11\/catalogo-bmt.jpg","datePublished":"2015-12-08T18:44:52+00:00","breadcrumb":{"@id":"https:\/\/bmtcasasdeves.com\/index.php\/equipaciones-2\/#breadcrumb"},"inLanguage":"es","potentialAction":[{"@type":"ReadAction","target":["https:\/\/bmtcasasdeves.com\/index.php\/equipaciones-2\/"]}]},{"@type":"ImageObject","inLanguage":"es","@id":"https:\/\/bmtcasasdeves.com\/index.php\/equipaciones-2\/#primaryimage","url":"https:\/\/bmtcasasdeves.com\/wp-content\/uploads\/2017\/11\/catalogo-bmt.jpg","contentUrl":"https:\/\/bmtcasasdeves.com\/wp-content\/uploads\/2017\/11\/catalogo-bmt.jpg"},{"@type":"BreadcrumbList","@id":"https:\/\/bmtcasasdeves.com\/index.php\/equipaciones-2\/#breadcrumb","itemListElement":[{"@type":"ListItem","position":1,"name":"Portada","item":"https:\/\/bmtcasasdeves.com\/"},{"@type":"ListItem","position":2,"name":"Equipaciones"}]},{"@type":"WebSite","@id":"https:\/\/bmtcasasdeves.com\/#website","url":"https:\/\/bmtcasasdeves.com\/","name":"BMT Casas de Ves","description":"Club atletismo-orientaci\u00f3n-ciclismo de Casas de Ves","publisher":{"@id":"https:\/\/bmtcasasdeves.com\/#organization"},"potentialAction":[{"@type":"SearchAction","target":{"@type":"EntryPoint","urlTemplate":"https:\/\/bmtcasasdeves.com\/?s={search_term_string}"},"query-input":{"@type":"PropertyValueSpecification","valueRequired":true,"valueName":"search_term_string"}}],"inLanguage":"es"},{"@type":"Organization","@id":"https:\/\/bmtcasasdeves.com\/#organization","name":"BMT Casas de Ves","url":"https:\/\/bmtcasasdeves.com\/","logo":{"@type":"ImageObject","inLanguage":"es","@id":"https:\/\/bmtcasasdeves.com\/#\/schema\/logo\/image\/","url":"https:\/\/bmtcasasdeves.com\/wp-content\/uploads\/2021\/02\/cropped-Banner-Web-01-2-scaled-1.jpg","contentUrl":"https:\/\/bmtcasasdeves.com\/wp-content\/uploads\/2021\/02\/cropped-Banner-Web-01-2-scaled-1.jpg","width":2000,"height":1200,"caption":"BMT Casas de Ves"},"image":{"@id":"https:\/\/bmtcasasdeves.com\/#\/schema\/logo\/image\/"}}]}},"jetpack_sharing_enabled":true,"_links":{"self":[{"href":"https:\/\/bmtcasasdeves.com\/index.php\/wp-json\/wp\/v2\/pages\/406","targetHints":{"allow":["GET"]}}],"collection":[{"href":"https:\/\/bmtcasasdeves.com\/index.php\/wp-json\/wp\/v2\/pages"}],"about":[{"href":"https:\/\/bmtcasasdeves.com\/index.php\/wp-json\/wp\/v2\/types\/page"}],"author":[{"embeddable":true,"href":"https:\/\/bmtcasasdeves.com\/index.php\/wp-json\/wp\/v2\/users\/3"}],"replies":[{"embeddable":true,"href":"https:\/\/bmtcasasdeves.com\/index.php\/wp-json\/wp\/v2\/comments?post=406"}],"version-history":[{"count":0,"href":"https:\/\/bmtcasasdeves.com\/index.php\/wp-json\/wp\/v2\/pages\/406\/revisions"}],"wp:attachment":[{"href":"https:\/\/bmtcasasdeves.com\/index.php\/wp-json\/wp\/v2\/media?parent=406"}],"curies":[{"name":"wp","href":"https:\/\/api.w.org\/{rel}","templated":true}]}}