{"id":2869,"date":"2019-10-01T14:10:38","date_gmt":"2019-10-01T13:10:38","guid":{"rendered":"https:\/\/bmtcasasdeves.wordpress.com\/?page_id=2869"},"modified":"2019-10-01T14:10:38","modified_gmt":"2019-10-01T13:10:38","slug":"jorquera-circuito-provincial-2019","status":"publish","type":"page","link":"https:\/\/bmtcasasdeves.com\/index.php\/jorquera-circuito-provincial-2019\/","title":{"rendered":"Jorquera. Circuito Provincial 2019"},"content":{"rendered":"\n<p class=\"has-text-align-center\">Encuesta de valoraci\u00f3n disponible hasta el mi\u00e9rcoles 30<\/p>\n\n\n\n<p class=\"has-text-align-center\"><a rel=\"noreferrer noopener\" aria-label=\"[ENCUESTA VALORACI\u00d3N] (abre en una nueva pesta\u00f1a)\" href=\"https:\/\/docs.google.com\/forms\/d\/e\/1FAIpQLSf2CIITMvc_KvMiUBKF36HRazd8qBJ3wrs6SJYXR5qV8ZG92g\/viewform?usp=sf_link\" target=\"_blank\">[ENCUESTA VALORACI\u00d3N]<\/a><\/p>\n\n\n\n<p class=\"has-text-align-center\">FOTOS<\/p>\n\n\n\n<p class=\"has-text-align-center\"><a rel=\"noreferrer noopener\" aria-label=\"[PILAR MOYANO] (abre en una nueva pesta\u00f1a)\" href=\"https:\/\/photos.google.com\/share\/AF1QipMKpscoL0UH3BxlvRBwM4-T4GNEjK6mrwt-5QTZMZeRHoJFj25Vl7IHx32MlGo4Cw?key=dnhRM3ZjQmhUbzJxbzJxNVRLOWtyU0hEbWtXdEFn\" target=\"_blank\">[PILAR MOYANO]<\/a><\/p>\n\n\n\n<p class=\"has-text-align-center\"><a href=\"https:\/\/photos.app.goo.gl\/xZtvdtUAjvZWUFPT7\" target=\"_blank\" rel=\"noreferrer noopener\" aria-label=\" (abre en una nueva pesta\u00f1a)\">[INMA G\u00d3RRIZ]<\/a><\/p>\n\n\n\n<p class=\"has-text-align-center\"><a href=\"https:\/\/photos.app.goo.gl\/QVtBjcbexrLtQFgC8\" target=\"_blank\" rel=\"noreferrer noopener\" aria-label=\"[TROFEOS INMA G\u00d3RRIZ] (abre en una nueva pesta\u00f1a)\">[TROFEOS INMA G\u00d3RRIZ]<\/a><\/p>\n\n\n\n<hr class=\"wp-block-separator\" \/>\n\n\n\n<div class=\"wp-block-file aligncenter\"><a href=\"https:\/\/bmtcasasdeves.files.wordpress.com\/2019\/10\/clasificacion-circuito-2019-final-1.pdf\">Clasificaci\u00f3n Individual Circuito Provincial 2019<\/a><a href=\"https:\/\/bmtcasasdeves.files.wordpress.com\/2019\/10\/clasificacion-circuito-2019-final-1.pdf\" class=\"wp-block-file__button\" download>Descarga<\/a><\/div>\n\n\n\n<div class=\"wp-block-file aligncenter\"><a href=\"https:\/\/bmtcasasdeves.files.wordpress.com\/2019\/10\/clasificacion-circuito-clubes-2019-final.pdf\">Clasificaci\u00f3n Clubes Circuito Provincial 2019<\/a><a href=\"https:\/\/bmtcasasdeves.files.wordpress.com\/2019\/10\/clasificacion-circuito-clubes-2019-final.pdf\" class=\"wp-block-file__button\" download>Descarga<\/a><\/div>\n\n\n\n<div class=\"wp-block-file aligncenter\"><a href=\"https:\/\/bmtcasasdeves.files.wordpress.com\/2019\/10\/premio-fidelidad-2019.pdf\">Premio participaci\u00f3n 2019 <br>(corredores que han participado en las 7 pruebas del circuito<\/a><a href=\"https:\/\/bmtcasasdeves.files.wordpress.com\/2019\/10\/premio-fidelidad-2019.pdf\" class=\"wp-block-file__button\" download>Descarga<\/a><\/div>\n\n\n\n<p>Clasificaci\u00f3n del circuito provincial PROVISIONAL. Plazo de alegaciones hasta el Domingo 3 de Noviembre a trav\u00e9s del correo javigarcia40@gmail.com<\/p>\n\n\n\n<hr class=\"wp-block-separator\" \/>\n\n\n\n<p class=\"has-text-align-center\"><a href=\"http:\/\/www.orienteeringonline.net\/CompetitionBasicInfo.aspx?CompetitionID=4414\">[<\/a><a href=\"https:\/\/liveresultat.orientering.se\/followfull.php?comp=16762&amp;lang=sv\" target=\"_blank\" rel=\"noreferrer noopener\" aria-label=\" (abre en una nueva pesta\u00f1a)\">RESULTADOS EN DIRECTO]<\/a><\/p>\n\n\n\n<p class=\"has-text-align-center\"><a href=\"http:\/\/www.orienteeringonline.net\/CompetitionBasicInfo.aspx?CompetitionID=4414\">[<\/a><a href=\"http:\/\/obasen.orientering.se\/winsplits\/online\/es\/show_event.asp?id=66629\" target=\"_blank\" rel=\"noreferrer noopener\" aria-label=\" (abre en una nueva pesta\u00f1a)\">PARCIALES WINSPLITS]<\/a><\/p>\n\n\n\n<div class=\"wp-block-file aligncenter\"><a href=\"https:\/\/bmtcasasdeves.files.wordpress.com\/2019\/10\/boleticc81n-3-jorquera.pdf\">\u00daLTIMAS NOTICIAS<\/a><a href=\"https:\/\/bmtcasasdeves.files.wordpress.com\/2019\/10\/boleticc81n-3-jorquera.pdf\" class=\"wp-block-file__button\" download>Descarga<\/a><\/div>\n\n\n\n<div class=\"wp-block-file aligncenter\"><a href=\"https:\/\/bmtcasasdeves.files.wordpress.com\/2019\/10\/horas-de-salida-clubs-1.pdf\">HORAS DE SALIDA <\/a><a href=\"https:\/\/bmtcasasdeves.files.wordpress.com\/2019\/10\/horas-de-salida-clubs-1.pdf\" class=\"wp-block-file__button\" download>Descarga<\/a><\/div>\n\n\n\n<p>Horas de salida actualizadas con algunas solicitudes de hora que no se hab\u00edan tramitado.<\/p>\n\n\n\n<div class=\"wp-block-file aligncenter\"><a href=\"https:\/\/bmtcasasdeves.files.wordpress.com\/2019\/10\/boleticc81n-2-jorquera-1.pdf\">BOLET\u00cdN 2<\/a><a href=\"https:\/\/bmtcasasdeves.files.wordpress.com\/2019\/10\/boleticc81n-2-jorquera-1.pdf\" class=\"wp-block-file__button\" download>Descarga<\/a><\/div>\n\n\n\n<div class=\"wp-block-file aligncenter\"><a href=\"https:\/\/bmtcasasdeves.files.wordpress.com\/2019\/10\/boleticc81n-1-jorquera.pdf\">BOLET\u00cdN 1<\/a><a href=\"https:\/\/bmtcasasdeves.files.wordpress.com\/2019\/10\/boleticc81n-1-jorquera.pdf\" class=\"wp-block-file__button\" download>Descarga<\/a><\/div>\n\n\n\n<p class=\"has-text-align-center\"><a href=\"http:\/\/www.orienteeringonline.net\/CompetitionBasicInfo.aspx?CompetitionID=4414\">[INSCRIPCIONES]<\/a><\/p>\n\n\n\n<figure class=\"wp-block-image size-large\"><img decoding=\"async\" src=\"https:\/\/bmtcasasdeves.files.wordpress.com\/2019\/10\/cartel-carrera-jorquera-2.jpg?w=724\" alt=\"\" class=\"wp-image-2916\" \/><\/figure>\n","protected":false},"excerpt":{"rendered":"<p>Encuesta de valoraci\u00f3n disponible hasta el mi\u00e9rcoles 30 [ENCUESTA VALORACI\u00d3N] FOTOS [PILAR MOYANO] [INMA G\u00d3RRIZ] [TROFEOS INMA G\u00d3RRIZ] Clasificaci\u00f3n del circuito provincial PROVISIONAL. Plazo de alegaciones hasta el Domingo 3 de Noviembre a trav\u00e9s del correo javigarcia40@gmail.com [RESULTADOS EN DIRECTO] [PARCIALES WINSPLITS] Horas de salida actualizadas con algunas solicitudes de hora que no se hab\u00edan [&hellip;]<\/p>\n","protected":false},"author":3,"featured_media":0,"parent":0,"menu_order":0,"comment_status":"closed","ping_status":"closed","template":"","meta":{"footnotes":""},"class_list":["post-2869","page","type-page","status-publish","hentry"],"yoast_head":"<!-- This site is optimized with the Yoast SEO plugin v27.5 - https:\/\/yoast.com\/product\/yoast-seo-wordpress\/ -->\n<title>Jorquera. Circuito Provincial 2019 - BMT Casas de Ves<\/title>\n<meta name=\"robots\" content=\"index, follow, max-snippet:-1, max-image-preview:large, max-video-preview:-1\" \/>\n<link rel=\"canonical\" href=\"https:\/\/bmtcasasdeves.com\/index.php\/jorquera-circuito-provincial-2019\/\" \/>\n<meta property=\"og:locale\" content=\"es_ES\" \/>\n<meta property=\"og:type\" content=\"article\" \/>\n<meta property=\"og:title\" content=\"Jorquera. Circuito Provincial 2019 - BMT Casas de Ves\" \/>\n<meta property=\"og:description\" content=\"Encuesta de valoraci\u00f3n disponible hasta el mi\u00e9rcoles 30 [ENCUESTA VALORACI\u00d3N] FOTOS [PILAR MOYANO] [INMA G\u00d3RRIZ] [TROFEOS INMA G\u00d3RRIZ] Clasificaci\u00f3n del circuito provincial PROVISIONAL. Plazo de alegaciones hasta el Domingo 3 de Noviembre a trav\u00e9s del correo javigarcia40@gmail.com [RESULTADOS EN DIRECTO] [PARCIALES WINSPLITS] Horas de salida actualizadas con algunas solicitudes de hora que no se hab\u00edan [&hellip;]\" \/>\n<meta property=\"og:url\" content=\"https:\/\/bmtcasasdeves.com\/index.php\/jorquera-circuito-provincial-2019\/\" \/>\n<meta property=\"og:site_name\" content=\"BMT Casas de Ves\" \/>\n<meta property=\"og:image\" content=\"https:\/\/bmtcasasdeves.files.wordpress.com\/2019\/10\/cartel-carrera-jorquera-2.jpg?w=724\" \/>\n<meta name=\"twitter:card\" content=\"summary_large_image\" \/>\n<meta name=\"twitter:label1\" content=\"Tiempo de lectura\" \/>\n\t<meta name=\"twitter:data1\" content=\"1 minuto\" \/>\n<script type=\"application\/ld+json\" class=\"yoast-schema-graph\">{\"@context\":\"https:\\\/\\\/schema.org\",\"@graph\":[{\"@type\":\"WebPage\",\"@id\":\"https:\\\/\\\/bmtcasasdeves.com\\\/index.php\\\/jorquera-circuito-provincial-2019\\\/\",\"url\":\"https:\\\/\\\/bmtcasasdeves.com\\\/index.php\\\/jorquera-circuito-provincial-2019\\\/\",\"name\":\"Jorquera. Circuito Provincial 2019 - BMT Casas de Ves\",\"isPartOf\":{\"@id\":\"https:\\\/\\\/bmtcasasdeves.com\\\/#website\"},\"primaryImageOfPage\":{\"@id\":\"https:\\\/\\\/bmtcasasdeves.com\\\/index.php\\\/jorquera-circuito-provincial-2019\\\/#primaryimage\"},\"image\":{\"@id\":\"https:\\\/\\\/bmtcasasdeves.com\\\/index.php\\\/jorquera-circuito-provincial-2019\\\/#primaryimage\"},\"thumbnailUrl\":\"https:\\\/\\\/bmtcasasdeves.files.wordpress.com\\\/2019\\\/10\\\/cartel-carrera-jorquera-2.jpg?w=724\",\"datePublished\":\"2019-10-01T13:10:38+00:00\",\"breadcrumb\":{\"@id\":\"https:\\\/\\\/bmtcasasdeves.com\\\/index.php\\\/jorquera-circuito-provincial-2019\\\/#breadcrumb\"},\"inLanguage\":\"es\",\"potentialAction\":[{\"@type\":\"ReadAction\",\"target\":[\"https:\\\/\\\/bmtcasasdeves.com\\\/index.php\\\/jorquera-circuito-provincial-2019\\\/\"]}]},{\"@type\":\"ImageObject\",\"inLanguage\":\"es\",\"@id\":\"https:\\\/\\\/bmtcasasdeves.com\\\/index.php\\\/jorquera-circuito-provincial-2019\\\/#primaryimage\",\"url\":\"https:\\\/\\\/bmtcasasdeves.files.wordpress.com\\\/2019\\\/10\\\/cartel-carrera-jorquera-2.jpg?w=724\",\"contentUrl\":\"https:\\\/\\\/bmtcasasdeves.files.wordpress.com\\\/2019\\\/10\\\/cartel-carrera-jorquera-2.jpg?w=724\"},{\"@type\":\"BreadcrumbList\",\"@id\":\"https:\\\/\\\/bmtcasasdeves.com\\\/index.php\\\/jorquera-circuito-provincial-2019\\\/#breadcrumb\",\"itemListElement\":[{\"@type\":\"ListItem\",\"position\":1,\"name\":\"Portada\",\"item\":\"https:\\\/\\\/bmtcasasdeves.com\\\/\"},{\"@type\":\"ListItem\",\"position\":2,\"name\":\"Jorquera. Circuito Provincial 2019\"}]},{\"@type\":\"WebSite\",\"@id\":\"https:\\\/\\\/bmtcasasdeves.com\\\/#website\",\"url\":\"https:\\\/\\\/bmtcasasdeves.com\\\/\",\"name\":\"BMT Casas de Ves\",\"description\":\"Club atletismo-orientaci\u00f3n-ciclismo de Casas de Ves\",\"publisher\":{\"@id\":\"https:\\\/\\\/bmtcasasdeves.com\\\/#organization\"},\"potentialAction\":[{\"@type\":\"SearchAction\",\"target\":{\"@type\":\"EntryPoint\",\"urlTemplate\":\"https:\\\/\\\/bmtcasasdeves.com\\\/?s={search_term_string}\"},\"query-input\":{\"@type\":\"PropertyValueSpecification\",\"valueRequired\":true,\"valueName\":\"search_term_string\"}}],\"inLanguage\":\"es\"},{\"@type\":\"Organization\",\"@id\":\"https:\\\/\\\/bmtcasasdeves.com\\\/#organization\",\"name\":\"BMT Casas de Ves\",\"url\":\"https:\\\/\\\/bmtcasasdeves.com\\\/\",\"logo\":{\"@type\":\"ImageObject\",\"inLanguage\":\"es\",\"@id\":\"https:\\\/\\\/bmtcasasdeves.com\\\/#\\\/schema\\\/logo\\\/image\\\/\",\"url\":\"https:\\\/\\\/bmtcasasdeves.com\\\/wp-content\\\/uploads\\\/2021\\\/02\\\/cropped-Banner-Web-01-2-scaled-1.jpg\",\"contentUrl\":\"https:\\\/\\\/bmtcasasdeves.com\\\/wp-content\\\/uploads\\\/2021\\\/02\\\/cropped-Banner-Web-01-2-scaled-1.jpg\",\"width\":2000,\"height\":1200,\"caption\":\"BMT Casas de Ves\"},\"image\":{\"@id\":\"https:\\\/\\\/bmtcasasdeves.com\\\/#\\\/schema\\\/logo\\\/image\\\/\"}}]}<\/script>\n<!-- \/ Yoast SEO plugin. -->","yoast_head_json":{"title":"Jorquera. Circuito Provincial 2019 - BMT Casas de Ves","robots":{"index":"index","follow":"follow","max-snippet":"max-snippet:-1","max-image-preview":"max-image-preview:large","max-video-preview":"max-video-preview:-1"},"canonical":"https:\/\/bmtcasasdeves.com\/index.php\/jorquera-circuito-provincial-2019\/","og_locale":"es_ES","og_type":"article","og_title":"Jorquera. Circuito Provincial 2019 - BMT Casas de Ves","og_description":"Encuesta de valoraci\u00f3n disponible hasta el mi\u00e9rcoles 30 [ENCUESTA VALORACI\u00d3N] FOTOS [PILAR MOYANO] [INMA G\u00d3RRIZ] [TROFEOS INMA G\u00d3RRIZ] Clasificaci\u00f3n del circuito provincial PROVISIONAL. Plazo de alegaciones hasta el Domingo 3 de Noviembre a trav\u00e9s del correo javigarcia40@gmail.com [RESULTADOS EN DIRECTO] [PARCIALES WINSPLITS] Horas de salida actualizadas con algunas solicitudes de hora que no se hab\u00edan [&hellip;]","og_url":"https:\/\/bmtcasasdeves.com\/index.php\/jorquera-circuito-provincial-2019\/","og_site_name":"BMT Casas de Ves","og_image":[{"url":"https:\/\/bmtcasasdeves.files.wordpress.com\/2019\/10\/cartel-carrera-jorquera-2.jpg?w=724","type":"","width":"","height":""}],"twitter_card":"summary_large_image","twitter_misc":{"Tiempo de lectura":"1 minuto"},"schema":{"@context":"https:\/\/schema.org","@graph":[{"@type":"WebPage","@id":"https:\/\/bmtcasasdeves.com\/index.php\/jorquera-circuito-provincial-2019\/","url":"https:\/\/bmtcasasdeves.com\/index.php\/jorquera-circuito-provincial-2019\/","name":"Jorquera. Circuito Provincial 2019 - BMT Casas de Ves","isPartOf":{"@id":"https:\/\/bmtcasasdeves.com\/#website"},"primaryImageOfPage":{"@id":"https:\/\/bmtcasasdeves.com\/index.php\/jorquera-circuito-provincial-2019\/#primaryimage"},"image":{"@id":"https:\/\/bmtcasasdeves.com\/index.php\/jorquera-circuito-provincial-2019\/#primaryimage"},"thumbnailUrl":"https:\/\/bmtcasasdeves.files.wordpress.com\/2019\/10\/cartel-carrera-jorquera-2.jpg?w=724","datePublished":"2019-10-01T13:10:38+00:00","breadcrumb":{"@id":"https:\/\/bmtcasasdeves.com\/index.php\/jorquera-circuito-provincial-2019\/#breadcrumb"},"inLanguage":"es","potentialAction":[{"@type":"ReadAction","target":["https:\/\/bmtcasasdeves.com\/index.php\/jorquera-circuito-provincial-2019\/"]}]},{"@type":"ImageObject","inLanguage":"es","@id":"https:\/\/bmtcasasdeves.com\/index.php\/jorquera-circuito-provincial-2019\/#primaryimage","url":"https:\/\/bmtcasasdeves.files.wordpress.com\/2019\/10\/cartel-carrera-jorquera-2.jpg?w=724","contentUrl":"https:\/\/bmtcasasdeves.files.wordpress.com\/2019\/10\/cartel-carrera-jorquera-2.jpg?w=724"},{"@type":"BreadcrumbList","@id":"https:\/\/bmtcasasdeves.com\/index.php\/jorquera-circuito-provincial-2019\/#breadcrumb","itemListElement":[{"@type":"ListItem","position":1,"name":"Portada","item":"https:\/\/bmtcasasdeves.com\/"},{"@type":"ListItem","position":2,"name":"Jorquera. Circuito Provincial 2019"}]},{"@type":"WebSite","@id":"https:\/\/bmtcasasdeves.com\/#website","url":"https:\/\/bmtcasasdeves.com\/","name":"BMT Casas de Ves","description":"Club atletismo-orientaci\u00f3n-ciclismo de Casas de Ves","publisher":{"@id":"https:\/\/bmtcasasdeves.com\/#organization"},"potentialAction":[{"@type":"SearchAction","target":{"@type":"EntryPoint","urlTemplate":"https:\/\/bmtcasasdeves.com\/?s={search_term_string}"},"query-input":{"@type":"PropertyValueSpecification","valueRequired":true,"valueName":"search_term_string"}}],"inLanguage":"es"},{"@type":"Organization","@id":"https:\/\/bmtcasasdeves.com\/#organization","name":"BMT Casas de Ves","url":"https:\/\/bmtcasasdeves.com\/","logo":{"@type":"ImageObject","inLanguage":"es","@id":"https:\/\/bmtcasasdeves.com\/#\/schema\/logo\/image\/","url":"https:\/\/bmtcasasdeves.com\/wp-content\/uploads\/2021\/02\/cropped-Banner-Web-01-2-scaled-1.jpg","contentUrl":"https:\/\/bmtcasasdeves.com\/wp-content\/uploads\/2021\/02\/cropped-Banner-Web-01-2-scaled-1.jpg","width":2000,"height":1200,"caption":"BMT Casas de Ves"},"image":{"@id":"https:\/\/bmtcasasdeves.com\/#\/schema\/logo\/image\/"}}]}},"jetpack_sharing_enabled":true,"_links":{"self":[{"href":"https:\/\/bmtcasasdeves.com\/index.php\/wp-json\/wp\/v2\/pages\/2869","targetHints":{"allow":["GET"]}}],"collection":[{"href":"https:\/\/bmtcasasdeves.com\/index.php\/wp-json\/wp\/v2\/pages"}],"about":[{"href":"https:\/\/bmtcasasdeves.com\/index.php\/wp-json\/wp\/v2\/types\/page"}],"author":[{"embeddable":true,"href":"https:\/\/bmtcasasdeves.com\/index.php\/wp-json\/wp\/v2\/users\/3"}],"replies":[{"embeddable":true,"href":"https:\/\/bmtcasasdeves.com\/index.php\/wp-json\/wp\/v2\/comments?post=2869"}],"version-history":[{"count":0,"href":"https:\/\/bmtcasasdeves.com\/index.php\/wp-json\/wp\/v2\/pages\/2869\/revisions"}],"wp:attachment":[{"href":"https:\/\/bmtcasasdeves.com\/index.php\/wp-json\/wp\/v2\/media?parent=2869"}],"curies":[{"name":"wp","href":"https:\/\/api.w.org\/{rel}","templated":true}]}}