{"id":2206,"date":"2018-04-16T17:43:12","date_gmt":"2018-04-16T16:43:12","guid":{"rendered":"https:\/\/bmtcasasdeves.wordpress.com\/?page_id=2206"},"modified":"2018-04-16T17:43:12","modified_gmt":"2018-04-16T16:43:12","slug":"tranco-del-lobo","status":"publish","type":"page","link":"https:\/\/bmtcasasdeves.com\/index.php\/tranco-del-lobo\/","title":{"rendered":"Tranco del Lobo"},"content":{"rendered":"<p style=\"font-weight:300;text-align:justify;\"><span style=\"font-style:inherit;font-weight:inherit;\">Seg\u00fan la versi\u00f3n oral transmitida por personas mayores, se denomina as\u00ed: \u201cTranco\u201d por la estrechez del r\u00edo J\u00facar (donde ubicaron la presa); y \u201cLobo\u201d, porque hab\u00eda lobos que saltaban de una parte a otra del r\u00edo, hasta principios del siglo XX, en ese paraje poblado de monte de pinos y arbustos.<\/span><\/p>\n<figure id=\"attachment_2208\" aria-describedby=\"caption-attachment-2208\" style=\"width: 1600px\" class=\"wp-caption alignnone\"><img loading=\"lazy\" decoding=\"async\" class=\"alignnone size-full wp-image-2208\" src=\"https:\/\/bmtcasasdeves.com\/wp-content\/uploads\/2018\/04\/tranco-del-lobo-puente-1.jpg\" alt=\"tranco-del-lobo-puente (1)\" width=\"1600\" height=\"1200\" srcset=\"https:\/\/bmtcasasdeves.com\/wp-content\/uploads\/2018\/04\/tranco-del-lobo-puente-1.jpg 1600w, https:\/\/bmtcasasdeves.com\/wp-content\/uploads\/2018\/04\/tranco-del-lobo-puente-1-300x225.jpg 300w, https:\/\/bmtcasasdeves.com\/wp-content\/uploads\/2018\/04\/tranco-del-lobo-puente-1-1024x768.jpg 1024w, https:\/\/bmtcasasdeves.com\/wp-content\/uploads\/2018\/04\/tranco-del-lobo-puente-1-768x576.jpg 768w, https:\/\/bmtcasasdeves.com\/wp-content\/uploads\/2018\/04\/tranco-del-lobo-puente-1-1536x1152.jpg 1536w, https:\/\/bmtcasasdeves.com\/wp-content\/uploads\/2018\/04\/tranco-del-lobo-puente-1-600x450.jpg 600w\" sizes=\"auto, (max-width: 1600px) 100vw, 1600px\" \/><figcaption id=\"caption-attachment-2208\" class=\"wp-caption-text\">Foto: Javier Garc\u00eda.<\/figcaption><\/figure>\n<p style=\"font-weight:300;text-align:justify;\"><span style=\"font-style:inherit;font-weight:inherit;\">Dado el punto estrat\u00e9gico y adecuado de su situaci\u00f3n, en virtud de lo dispuesto en la Real Orden de 26 de Agosto de 1921, del Ministerio de Fomento, se autoriza la cesi\u00f3n de 9 hect\u00e1reas, 23 \u00e1reas y 26 centi\u00e1reas de terreno del Monte \u201cDerrubiada\u201d n\u00ba 75 del Cat\u00e1logo de los propios del Municipio de Casas de Ves, a favor de la Electra Industrial del J\u00facar, por la cantidad de 10.189 pesetas, para construir una Central Hidroel\u00e9ctrica en el indicado \u201cTranco del Lobo\u201d, obra declarada de utilidad p\u00fablica, la cual se termina de construir en el a\u00f1o 1923.<\/span><\/p>\n<p style=\"font-weight:300;text-align:justify;\"><span style=\"font-style:inherit;font-weight:inherit;\">El 8 de Marzo de 1925, la mencionada Electra Industrial del J\u00facar, hace transferencia de la obra e instalaciones a la Sociedad Hidroel\u00e9ctrica Espa\u00f1ola, siendo aprobada el 3 de Febrero de 1.926, por el Ministerio de Fomento.<\/span><\/p>\n<p style=\"font-weight:300;text-align:justify;\"><span style=\"font-style:inherit;font-weight:inherit;\">Seguidamente Hidroel\u00e9ctrica Espa\u00f1ola procede a edificar 17 viviendas para los empleados fijos de la Central, y una Ermita que se habilita para Escuela de ni\u00f1os, cuyos cometidos de culto y\u00a0 ense\u00f1anza los desempe\u00f1aba un Sacerdote. Cuando celebraba misa ocupaba todo el local y para dar clases corr\u00edan unas puertas tapando el altar de Santa Teresa de Jes\u00fas, nombrada Patrona, festividad, que ten\u00eda lugar el 15 de Octubre.<\/span><\/p>\n<p style=\"font-weight:300;text-align:justify;\"><span style=\"font-style:inherit;font-weight:inherit;\">Medios de comunicaci\u00f3n: hab\u00eda un puente sobre el r\u00edo J\u00facar, que acced\u00eda desde la parte de Casas de Ves a la repetida Central y viviendas, para peatones y caballer\u00edas de carga, el cual se lo llev\u00f3 la riada de 1982. Desde 1992 existe una pasarela o puentecilla provisional, que se puede usar, si no sube el caudal del r\u00edo.<\/span><\/p>\n<p style=\"font-weight:300;text-align:justify;\"><span style=\"font-style:inherit;font-weight:inherit;\">En 1992, por el Ministerio de Agricultura, Direcci\u00f3n General de Montes, se construye un camino sin asfaltar, desde Casas de Ves que llega a la expresada pasarela, debiendo adoptar precauci\u00f3n, por la pendiente del mismo, para bajar en coche, pues anteriormente, desde la Ceja, la basada se hac\u00eda andando por una senda de herradura estrecha.<\/span><span style=\"font-style:inherit;font-weight:inherit;\"><br \/>\n<\/span><\/p>\n<p style=\"font-weight:300;text-align:justify;\"><span style=\"font-style:inherit;font-weight:inherit;\">En la parte Sur del r\u00edo J\u00facar, el Tranco tiene desde su construcci\u00f3n un camino que va\u00a0 a la Colonia de San Rom\u00e1n, desde \u00e9sta parte otro camino a Villa de Ves con ramal a Casas de Juan Gil y otro camino a La Gila. Tambi\u00e9n se hizo en el a\u00f1o 1970 un camino asfaltado desde El Tranco, que pasando por la Central de El Bosque y Tolosa, llega a Alcal\u00e1 del J\u00facar. Por \u00faltimo, cuenta con otro camino forestal que conecta con Villa de Ves.<\/span><\/p>\n<p style=\"font-weight:300;text-align:justify;\"><span style=\"font-style:inherit;font-weight:inherit;\">La Central Hidroel\u00e9ctrica consta de tres generadores de 1200 KW\/h. y subestaci\u00f3n con una l\u00ednea de 66 KV.<br \/>\n<\/span><\/p>\n<figure id=\"attachment_2207\" aria-describedby=\"caption-attachment-2207\" style=\"width: 684px\" class=\"wp-caption alignnone\"><img loading=\"lazy\" decoding=\"async\" class=\"alignnone size-full wp-image-2207\" src=\"https:\/\/bmtcasasdeves.com\/wp-content\/uploads\/2018\/04\/central-tranco.jpg?w=684\" alt=\"central-tranco.jpg\" width=\"684\" height=\"511\" srcset=\"https:\/\/bmtcasasdeves.com\/wp-content\/uploads\/2018\/04\/central-tranco.jpg 400w, https:\/\/bmtcasasdeves.com\/wp-content\/uploads\/2018\/04\/central-tranco-300x224.jpg 300w\" sizes=\"auto, (max-width: 684px) 100vw, 684px\" \/><figcaption id=\"caption-attachment-2207\" class=\"wp-caption-text\">Central Hidroel\u00e9ctrica del Tranco vista desde el R\u00edo J\u00facar. Foto: Javier Garc\u00eda<\/figcaption><\/figure>\n<p style=\"font-weight:300;text-align:justify;\"><span style=\"font-style:inherit;font-weight:inherit;\">Cometido de los Empleados: hab\u00eda un Jefe de Central, Oficiales de Cuadro, Maquinistas, Oficial electricista, Guarda de compuertas, uno que hac\u00eda de Correo a Casas de Ves, peones para la limpieza de calles, caminos y jardines.<\/span><\/p>\n<p style=\"font-weight:300;text-align:justify;\"><span style=\"font-style:inherit;font-weight:inherit;\">Servicios que ten\u00edan los empleados y familiares que viv\u00edan en El Tranco: Administrativamente depend\u00edan del Ayuntamiento de Casas de Ves, donde estaban empadronados, as\u00ed como de M\u00e9dico y Farmacia de la misma localidad.<\/span><\/p>\n<p style=\"font-weight:300;text-align:justify;\"><span style=\"font-style:inherit;font-weight:inherit;\">Desde 1928 hasta Julio de 1.936, tuvieron de capell\u00e1n y Maestro a D. Manuel S\u00e1nchez S\u00e1nchez, descendiente de Casas de Ves. A partir de 1939 cuando hac\u00eda falta, les atend\u00eda el Cura de Casas de Ves. Hasta 1950 hab\u00eda una maestra particular. Despu\u00e9s ven\u00edan los ni\u00f1os al Colegio y Academia de casas de Ves.<\/span><\/p>\n<p style=\"font-weight:300;text-align:justify;\"><span style=\"font-style:inherit;font-weight:inherit;\">El empleado de Correo hac\u00eda el servicio con un burro y luego con un caballo peque\u00f1o entre Casas de Ves-Tranco y viceversa, efectuando a la vez los encargos de comestibles y art\u00edculos que necesitaban las respectivas familias. En los \u00faltimos a\u00f1os funcionaba un Economato con cami\u00f3n desde Cofrentes.<\/span><\/p>\n<p style=\"font-weight:300;text-align:justify;\"><span style=\"font-style:inherit;font-weight:inherit;\">Ten\u00edan a su disposici\u00f3n un horno de le\u00f1a para cocer pan de la harina de trigo que amasaban las Se\u00f1oras en sus viviendas.<\/span><span style=\"font-style:inherit;font-weight:inherit;\">Cada familia dispon\u00eda de un trozo de huerta, corral y gallinero.<\/span><\/p>\n<p style=\"font-weight:300;text-align:justify;\"><span style=\"font-style:inherit;font-weight:inherit;\">El n\u00famero de empleados y familias con vivienda, fue descendiendo paulatinamente hasta quedar totalmente deshabitado El Tranco en el a\u00f1o 1983, cuando la Central la convirtieron en telemandada. Posteriormente la misma es atendida espor\u00e1dicamente por empleados y t\u00e9cnicos que no llegan a tener una estabilidad fija como antes. Las viviendas, al quedar desocupadas, se fueron deteriorando considerablemente, quedando abandonadas y casi en estado ruinoso. No obstante, el Ayuntamiento de Casas de Ves hizo las gestiones oportunas para recuperar las mismas que comprenden 7000 metros cuadrados de superficie y les compra a Iberdrola S.A. por la cantidad de 500.000 pesetas y a la vez tambi\u00e9n compra por un importe de 2 Millones de pesetas, los terrenos sobrantes de la Dehesa Caba\u00f1iles, t\u00e9rmino de Casas de Ves, paraje Colmenar, Lomas de las Parideras, Solana y Serretillas, con una extensi\u00f3n de 53 hect\u00e1reas, 83 \u00e1reas y 20 centi\u00e1reas de monte (por el que se ha construido el camino \u00faltimo desde la Ceja al r\u00edo J\u00facar), seg\u00fan consta en la escritura p\u00fablica otorgada en la Notar\u00eda de Casas Ib\u00e1\u00f1ez con fecha 16 de Marzo de 1993, archivada en el Ayuntamiento.<\/span><br \/>\n<span style=\"font-style:inherit;font-weight:inherit;\"><br \/>\n<\/span><\/p>\n<p style=\"font-weight:300;text-align:justify;\"><b><strong style=\"font-style:inherit;\"><span style=\"font-style:inherit;font-weight:inherit;\">Situaci\u00f3n, flora y fauna de la zona<\/span><\/strong><\/b><\/p>\n<p style=\"font-weight:300;text-align:justify;\"><span style=\"font-style:inherit;font-weight:inherit;\">El Tranco pertenece al t\u00e9rmino municipal de Casas de Ves, se encuentra en el fondo de un espectacular ca\u00f1\u00f3n natural, por el que discurre el r\u00edo J\u00facar, con unos 200 metros de profundidad y un km. De anchura.<\/span><\/p>\n<p style=\"font-weight:300;text-align:justify;\"><span style=\"font-style:inherit;font-weight:inherit;\">En sus inmediaciones, se pueden observar aves acu\u00e1ticas, \u00e1nade real, garza; tambi\u00e9n se ven rapaces como el halc\u00f3n peregrino, \u00e1guila real y \u00e1guila perdicera\u00b8 igualmente suelen frecuentar el lugar los jabal\u00edes y cabra montesa.<\/span><span style=\"font-style:inherit;font-weight:inherit;\">En sus aguas se pescan lucios, black bass, cangrejo americano, carpas y alg\u00fan barbo.<\/span><\/p>\n<p style=\"font-weight:300;text-align:justify;\"><span style=\"font-style:inherit;font-weight:inherit;\">Alberga una variada flora de clara influencia levantina, entre los cuales se encuentran varias recogidas en el Cat\u00e1logo Regional de especies protegidas.\u00a0<\/span><span style=\"font-style:inherit;font-weight:inherit;\">La zona es boscosa, poblada de pinos carrascos y junto al cauce del r\u00edo, crece un frondoso bosque de ribera con chopos y varios tipos de sauces.<\/span><span style=\"font-style:inherit;font-weight:inherit;\">Todo ello, ofrece un conjunto de extraordinaria belleza de la naturaleza.<\/span><\/p>\n<figure id=\"attachment_media-117\" aria-describedby=\"caption-attachment-media-117\" style=\"width: 2000px\" class=\"wp-caption alignnone\"><img loading=\"lazy\" decoding=\"async\" class=\"alignnone size-full wp-image-2210\" src=\"https:\/\/bmtcasasdeves.com\/wp-content\/uploads\/2018\/04\/tranco-del-lobo.jpg\" alt=\"tranco-del-lobo.jpg\" width=\"2000\" height=\"1500\" srcset=\"https:\/\/bmtcasasdeves.com\/wp-content\/uploads\/2018\/04\/tranco-del-lobo.jpg 2000w, https:\/\/bmtcasasdeves.com\/wp-content\/uploads\/2018\/04\/tranco-del-lobo-300x225.jpg 300w, https:\/\/bmtcasasdeves.com\/wp-content\/uploads\/2018\/04\/tranco-del-lobo-1024x768.jpg 1024w, https:\/\/bmtcasasdeves.com\/wp-content\/uploads\/2018\/04\/tranco-del-lobo-768x576.jpg 768w, https:\/\/bmtcasasdeves.com\/wp-content\/uploads\/2018\/04\/tranco-del-lobo-1536x1152.jpg 1536w, https:\/\/bmtcasasdeves.com\/wp-content\/uploads\/2018\/04\/tranco-del-lobo-600x450.jpg 600w\" sizes=\"auto, (max-width: 2000px) 100vw, 2000px\" \/><figcaption id=\"caption-attachment-media-117\" class=\"wp-caption-text\">Foto: Javier Garc\u00eda<\/figcaption><\/figure>\n<p style=\"font-weight:300;text-align:justify;\"><span style=\"font-style:inherit;font-weight:inherit;\">FUENTE: Casas de Ves y su Historia, D. Juan G\u00f3mez Pe\u00f1alver<\/span><\/p>\n","protected":false},"excerpt":{"rendered":"<p>Seg\u00fan la versi\u00f3n oral transmitida por personas mayores, se denomina as\u00ed: \u201cTranco\u201d por la estrechez del r\u00edo J\u00facar (donde ubicaron la presa); y \u201cLobo\u201d, porque hab\u00eda lobos que saltaban de una parte a otra del r\u00edo, hasta principios del siglo XX, en ese paraje poblado de monte de pinos y arbustos. Dado el punto estrat\u00e9gico [&hellip;]<\/p>\n","protected":false},"author":3,"featured_media":0,"parent":0,"menu_order":0,"comment_status":"closed","ping_status":"closed","template":"","meta":{"jetpack_post_was_ever_published":false,"footnotes":""},"class_list":["post-2206","page","type-page","status-publish","hentry"],"yoast_head":"<!-- This site is optimized with the Yoast SEO plugin v27.3 - https:\/\/yoast.com\/product\/yoast-seo-wordpress\/ -->\n<title>Tranco del Lobo - BMT Casas de Ves<\/title>\n<meta name=\"robots\" content=\"index, follow, max-snippet:-1, max-image-preview:large, max-video-preview:-1\" \/>\n<link rel=\"canonical\" href=\"https:\/\/bmtcasasdeves.com\/index.php\/tranco-del-lobo\/\" \/>\n<meta property=\"og:locale\" content=\"es_ES\" \/>\n<meta property=\"og:type\" content=\"article\" \/>\n<meta property=\"og:title\" content=\"Tranco del Lobo - BMT Casas de Ves\" \/>\n<meta property=\"og:description\" content=\"Seg\u00fan la versi\u00f3n oral transmitida por personas mayores, se denomina as\u00ed: \u201cTranco\u201d por la estrechez del r\u00edo J\u00facar (donde ubicaron la presa); y \u201cLobo\u201d, porque hab\u00eda lobos que saltaban de una parte a otra del r\u00edo, hasta principios del siglo XX, en ese paraje poblado de monte de pinos y arbustos. Dado el punto estrat\u00e9gico [&hellip;]\" \/>\n<meta property=\"og:url\" content=\"https:\/\/bmtcasasdeves.com\/index.php\/tranco-del-lobo\/\" \/>\n<meta property=\"og:site_name\" content=\"BMT Casas de Ves\" \/>\n<meta property=\"og:image\" content=\"https:\/\/bmtcasasdeves.com\/wp-content\/uploads\/2018\/04\/tranco-del-lobo-puente-1.jpg\" \/>\n<meta name=\"twitter:card\" content=\"summary_large_image\" \/>\n<meta name=\"twitter:label1\" content=\"Tiempo de lectura\" \/>\n\t<meta name=\"twitter:data1\" content=\"6 minutos\" \/>\n<script type=\"application\/ld+json\" class=\"yoast-schema-graph\">{\"@context\":\"https:\\\/\\\/schema.org\",\"@graph\":[{\"@type\":\"WebPage\",\"@id\":\"https:\\\/\\\/bmtcasasdeves.com\\\/index.php\\\/tranco-del-lobo\\\/\",\"url\":\"https:\\\/\\\/bmtcasasdeves.com\\\/index.php\\\/tranco-del-lobo\\\/\",\"name\":\"Tranco del Lobo - BMT Casas de Ves\",\"isPartOf\":{\"@id\":\"https:\\\/\\\/bmtcasasdeves.com\\\/#website\"},\"primaryImageOfPage\":{\"@id\":\"https:\\\/\\\/bmtcasasdeves.com\\\/index.php\\\/tranco-del-lobo\\\/#primaryimage\"},\"image\":{\"@id\":\"https:\\\/\\\/bmtcasasdeves.com\\\/index.php\\\/tranco-del-lobo\\\/#primaryimage\"},\"thumbnailUrl\":\"https:\\\/\\\/bmtcasasdeves.com\\\/wp-content\\\/uploads\\\/2018\\\/04\\\/tranco-del-lobo-puente-1.jpg\",\"datePublished\":\"2018-04-16T16:43:12+00:00\",\"breadcrumb\":{\"@id\":\"https:\\\/\\\/bmtcasasdeves.com\\\/index.php\\\/tranco-del-lobo\\\/#breadcrumb\"},\"inLanguage\":\"es\",\"potentialAction\":[{\"@type\":\"ReadAction\",\"target\":[\"https:\\\/\\\/bmtcasasdeves.com\\\/index.php\\\/tranco-del-lobo\\\/\"]}]},{\"@type\":\"ImageObject\",\"inLanguage\":\"es\",\"@id\":\"https:\\\/\\\/bmtcasasdeves.com\\\/index.php\\\/tranco-del-lobo\\\/#primaryimage\",\"url\":\"https:\\\/\\\/bmtcasasdeves.com\\\/wp-content\\\/uploads\\\/2018\\\/04\\\/tranco-del-lobo-puente-1.jpg\",\"contentUrl\":\"https:\\\/\\\/bmtcasasdeves.com\\\/wp-content\\\/uploads\\\/2018\\\/04\\\/tranco-del-lobo-puente-1.jpg\",\"width\":1600,\"height\":1200},{\"@type\":\"BreadcrumbList\",\"@id\":\"https:\\\/\\\/bmtcasasdeves.com\\\/index.php\\\/tranco-del-lobo\\\/#breadcrumb\",\"itemListElement\":[{\"@type\":\"ListItem\",\"position\":1,\"name\":\"Portada\",\"item\":\"https:\\\/\\\/bmtcasasdeves.com\\\/\"},{\"@type\":\"ListItem\",\"position\":2,\"name\":\"Tranco del Lobo\"}]},{\"@type\":\"WebSite\",\"@id\":\"https:\\\/\\\/bmtcasasdeves.com\\\/#website\",\"url\":\"https:\\\/\\\/bmtcasasdeves.com\\\/\",\"name\":\"BMT Casas de Ves\",\"description\":\"Club atletismo-orientaci\u00f3n-ciclismo de Casas de Ves\",\"publisher\":{\"@id\":\"https:\\\/\\\/bmtcasasdeves.com\\\/#organization\"},\"potentialAction\":[{\"@type\":\"SearchAction\",\"target\":{\"@type\":\"EntryPoint\",\"urlTemplate\":\"https:\\\/\\\/bmtcasasdeves.com\\\/?s={search_term_string}\"},\"query-input\":{\"@type\":\"PropertyValueSpecification\",\"valueRequired\":true,\"valueName\":\"search_term_string\"}}],\"inLanguage\":\"es\"},{\"@type\":\"Organization\",\"@id\":\"https:\\\/\\\/bmtcasasdeves.com\\\/#organization\",\"name\":\"BMT Casas de Ves\",\"url\":\"https:\\\/\\\/bmtcasasdeves.com\\\/\",\"logo\":{\"@type\":\"ImageObject\",\"inLanguage\":\"es\",\"@id\":\"https:\\\/\\\/bmtcasasdeves.com\\\/#\\\/schema\\\/logo\\\/image\\\/\",\"url\":\"https:\\\/\\\/bmtcasasdeves.com\\\/wp-content\\\/uploads\\\/2021\\\/02\\\/cropped-Banner-Web-01-2-scaled-1.jpg\",\"contentUrl\":\"https:\\\/\\\/bmtcasasdeves.com\\\/wp-content\\\/uploads\\\/2021\\\/02\\\/cropped-Banner-Web-01-2-scaled-1.jpg\",\"width\":2000,\"height\":1200,\"caption\":\"BMT Casas de Ves\"},\"image\":{\"@id\":\"https:\\\/\\\/bmtcasasdeves.com\\\/#\\\/schema\\\/logo\\\/image\\\/\"}}]}<\/script>\n<!-- \/ Yoast SEO plugin. -->","yoast_head_json":{"title":"Tranco del Lobo - BMT Casas de Ves","robots":{"index":"index","follow":"follow","max-snippet":"max-snippet:-1","max-image-preview":"max-image-preview:large","max-video-preview":"max-video-preview:-1"},"canonical":"https:\/\/bmtcasasdeves.com\/index.php\/tranco-del-lobo\/","og_locale":"es_ES","og_type":"article","og_title":"Tranco del Lobo - BMT Casas de Ves","og_description":"Seg\u00fan la versi\u00f3n oral transmitida por personas mayores, se denomina as\u00ed: \u201cTranco\u201d por la estrechez del r\u00edo J\u00facar (donde ubicaron la presa); y \u201cLobo\u201d, porque hab\u00eda lobos que saltaban de una parte a otra del r\u00edo, hasta principios del siglo XX, en ese paraje poblado de monte de pinos y arbustos. Dado el punto estrat\u00e9gico [&hellip;]","og_url":"https:\/\/bmtcasasdeves.com\/index.php\/tranco-del-lobo\/","og_site_name":"BMT Casas de Ves","og_image":[{"url":"https:\/\/bmtcasasdeves.com\/wp-content\/uploads\/2018\/04\/tranco-del-lobo-puente-1.jpg","type":"","width":"","height":""}],"twitter_card":"summary_large_image","twitter_misc":{"Tiempo de lectura":"6 minutos"},"schema":{"@context":"https:\/\/schema.org","@graph":[{"@type":"WebPage","@id":"https:\/\/bmtcasasdeves.com\/index.php\/tranco-del-lobo\/","url":"https:\/\/bmtcasasdeves.com\/index.php\/tranco-del-lobo\/","name":"Tranco del Lobo - BMT Casas de Ves","isPartOf":{"@id":"https:\/\/bmtcasasdeves.com\/#website"},"primaryImageOfPage":{"@id":"https:\/\/bmtcasasdeves.com\/index.php\/tranco-del-lobo\/#primaryimage"},"image":{"@id":"https:\/\/bmtcasasdeves.com\/index.php\/tranco-del-lobo\/#primaryimage"},"thumbnailUrl":"https:\/\/bmtcasasdeves.com\/wp-content\/uploads\/2018\/04\/tranco-del-lobo-puente-1.jpg","datePublished":"2018-04-16T16:43:12+00:00","breadcrumb":{"@id":"https:\/\/bmtcasasdeves.com\/index.php\/tranco-del-lobo\/#breadcrumb"},"inLanguage":"es","potentialAction":[{"@type":"ReadAction","target":["https:\/\/bmtcasasdeves.com\/index.php\/tranco-del-lobo\/"]}]},{"@type":"ImageObject","inLanguage":"es","@id":"https:\/\/bmtcasasdeves.com\/index.php\/tranco-del-lobo\/#primaryimage","url":"https:\/\/bmtcasasdeves.com\/wp-content\/uploads\/2018\/04\/tranco-del-lobo-puente-1.jpg","contentUrl":"https:\/\/bmtcasasdeves.com\/wp-content\/uploads\/2018\/04\/tranco-del-lobo-puente-1.jpg","width":1600,"height":1200},{"@type":"BreadcrumbList","@id":"https:\/\/bmtcasasdeves.com\/index.php\/tranco-del-lobo\/#breadcrumb","itemListElement":[{"@type":"ListItem","position":1,"name":"Portada","item":"https:\/\/bmtcasasdeves.com\/"},{"@type":"ListItem","position":2,"name":"Tranco del Lobo"}]},{"@type":"WebSite","@id":"https:\/\/bmtcasasdeves.com\/#website","url":"https:\/\/bmtcasasdeves.com\/","name":"BMT Casas de Ves","description":"Club atletismo-orientaci\u00f3n-ciclismo de Casas de Ves","publisher":{"@id":"https:\/\/bmtcasasdeves.com\/#organization"},"potentialAction":[{"@type":"SearchAction","target":{"@type":"EntryPoint","urlTemplate":"https:\/\/bmtcasasdeves.com\/?s={search_term_string}"},"query-input":{"@type":"PropertyValueSpecification","valueRequired":true,"valueName":"search_term_string"}}],"inLanguage":"es"},{"@type":"Organization","@id":"https:\/\/bmtcasasdeves.com\/#organization","name":"BMT Casas de Ves","url":"https:\/\/bmtcasasdeves.com\/","logo":{"@type":"ImageObject","inLanguage":"es","@id":"https:\/\/bmtcasasdeves.com\/#\/schema\/logo\/image\/","url":"https:\/\/bmtcasasdeves.com\/wp-content\/uploads\/2021\/02\/cropped-Banner-Web-01-2-scaled-1.jpg","contentUrl":"https:\/\/bmtcasasdeves.com\/wp-content\/uploads\/2021\/02\/cropped-Banner-Web-01-2-scaled-1.jpg","width":2000,"height":1200,"caption":"BMT Casas de Ves"},"image":{"@id":"https:\/\/bmtcasasdeves.com\/#\/schema\/logo\/image\/"}}]}},"jetpack_sharing_enabled":true,"_links":{"self":[{"href":"https:\/\/bmtcasasdeves.com\/index.php\/wp-json\/wp\/v2\/pages\/2206","targetHints":{"allow":["GET"]}}],"collection":[{"href":"https:\/\/bmtcasasdeves.com\/index.php\/wp-json\/wp\/v2\/pages"}],"about":[{"href":"https:\/\/bmtcasasdeves.com\/index.php\/wp-json\/wp\/v2\/types\/page"}],"author":[{"embeddable":true,"href":"https:\/\/bmtcasasdeves.com\/index.php\/wp-json\/wp\/v2\/users\/3"}],"replies":[{"embeddable":true,"href":"https:\/\/bmtcasasdeves.com\/index.php\/wp-json\/wp\/v2\/comments?post=2206"}],"version-history":[{"count":0,"href":"https:\/\/bmtcasasdeves.com\/index.php\/wp-json\/wp\/v2\/pages\/2206\/revisions"}],"wp:attachment":[{"href":"https:\/\/bmtcasasdeves.com\/index.php\/wp-json\/wp\/v2\/media?parent=2206"}],"curies":[{"name":"wp","href":"https:\/\/api.w.org\/{rel}","templated":true}]}}